{"id":342,"date":"2025-06-19T21:15:19","date_gmt":"2025-06-19T23:45:19","guid":{"rendered":"https:\/\/lasgolondrinashotel.com\/?page_id=342"},"modified":"2025-06-23T12:17:00","modified_gmt":"2025-06-23T14:47:00","slug":"surf-camp-by-manu-selman","status":"publish","type":"page","link":"https:\/\/lasgolondrinashotel.com\/en\/surf-camp-by-manu-selman\/","title":{"rendered":"Surf Trip by Manu Selman"},"content":{"rendered":"<style> \n\nh1 {display: none !important; text-align: center; } \n\n@media all and (max-width:760px){\n  .wp-block-gallery .wp-block-image {\n    width:100% !important;\n  }\n}\n\n<\/style>\n\n\n\n<figure class=\"wp-block-image alignfull size-full\"><img loading=\"lazy\" decoding=\"async\" width=\"1080\" height=\"607\" src=\"https:\/\/lasgolondrinashotel.com\/wp-content\/uploads\/2025\/06\/banner_surftrip.webp\" alt=\"\" class=\"wp-image-345\" srcset=\"https:\/\/lasgolondrinashotel.com\/wp-content\/uploads\/2025\/06\/banner_surftrip.webp 1080w, https:\/\/lasgolondrinashotel.com\/wp-content\/uploads\/2025\/06\/banner_surftrip-300x169.webp 300w, https:\/\/lasgolondrinashotel.com\/wp-content\/uploads\/2025\/06\/banner_surftrip-1024x576.webp 1024w, https:\/\/lasgolondrinashotel.com\/wp-content\/uploads\/2025\/06\/banner_surftrip-768x432.webp 768w\" sizes=\"auto, (max-width: 1080px) 100vw, 1080px\" \/><\/figure>\n\n\n\n<figure class=\"wp-block-gallery alignwide has-nested-images columns-2 wp-block-gallery-1 is-layout-flex wp-block-gallery-is-layout-flex\">\n<figure data-wp-context=\"{&quot;imageId&quot;:&quot;69f8d817b5240&quot;}\" data-wp-interactive=\"core\/image\" data-wp-key=\"69f8d817b5240\" class=\"wp-block-image size-full wp-lightbox-container\"><img loading=\"lazy\" decoding=\"async\" width=\"1080\" height=\"1911\" data-wp-class--hide=\"state.isContentHidden\" data-wp-class--show=\"state.isContentVisible\" data-wp-init=\"callbacks.setButtonStyles\" data-wp-on--click=\"actions.showLightbox\" data-wp-on--load=\"callbacks.setButtonStyles\" data-wp-on-window--resize=\"callbacks.setButtonStyles\" data-id=\"346\" src=\"https:\/\/lasgolondrinashotel.com\/wp-content\/uploads\/2025\/06\/banner_01-1.webp\" alt=\"\" class=\"wp-image-346\" srcset=\"https:\/\/lasgolondrinashotel.com\/wp-content\/uploads\/2025\/06\/banner_01-1.webp 1080w, https:\/\/lasgolondrinashotel.com\/wp-content\/uploads\/2025\/06\/banner_01-1-170x300.webp 170w, https:\/\/lasgolondrinashotel.com\/wp-content\/uploads\/2025\/06\/banner_01-1-579x1024.webp 579w, https:\/\/lasgolondrinashotel.com\/wp-content\/uploads\/2025\/06\/banner_01-1-768x1359.webp 768w, https:\/\/lasgolondrinashotel.com\/wp-content\/uploads\/2025\/06\/banner_01-1-868x1536.webp 868w\" sizes=\"auto, (max-width: 1080px) 100vw, 1080px\" \/><button\n\t\t\tclass=\"lightbox-trigger\"\n\t\t\ttype=\"button\"\n\t\t\taria-haspopup=\"dialog\"\n\t\t\taria-label=\"Enlarge\"\n\t\t\tdata-wp-init=\"callbacks.initTriggerButton\"\n\t\t\tdata-wp-on--click=\"actions.showLightbox\"\n\t\t\tdata-wp-style--right=\"state.imageButtonRight\"\n\t\t\tdata-wp-style--top=\"state.imageButtonTop\"\n\t\t>\n\t\t\t<svg xmlns=\"http:\/\/www.w3.org\/2000\/svg\" width=\"12\" height=\"12\" fill=\"none\" viewbox=\"0 0 12 12\">\n\t\t\t\t<path fill=\"#fff\" d=\"M2 0a2 2 0 0 0-2 2v2h1.5V2a.5.5 0 0 1 .5-.5h2V0H2Zm2 10.5H2a.5.5 0 0 1-.5-.5V8H0v2a2 2 0 0 0 2 2h2v-1.5ZM8 12v-1.5h2a.5.5 0 0 0 .5-.5V8H12v2a2 2 0 0 1-2 2H8Zm2-12a2 2 0 0 1 2 2v2h-1.5V2a.5.5 0 0 0-.5-.5H8V0h2Z\" \/>\n\t\t\t<\/svg>\n\t\t<\/button><\/figure>\n\n\n\n<figure data-wp-context=\"{&quot;imageId&quot;:&quot;69f8d817b5a04&quot;}\" data-wp-interactive=\"core\/image\" data-wp-key=\"69f8d817b5a04\" class=\"wp-block-image size-full wp-lightbox-container\"><img loading=\"lazy\" decoding=\"async\" width=\"1080\" height=\"1911\" data-wp-class--hide=\"state.isContentHidden\" data-wp-class--show=\"state.isContentVisible\" data-wp-init=\"callbacks.setButtonStyles\" data-wp-on--click=\"actions.showLightbox\" data-wp-on--load=\"callbacks.setButtonStyles\" data-wp-on-window--resize=\"callbacks.setButtonStyles\" data-id=\"347\" src=\"https:\/\/lasgolondrinashotel.com\/wp-content\/uploads\/2025\/06\/banner_02.webp\" alt=\"\" class=\"wp-image-347\" srcset=\"https:\/\/lasgolondrinashotel.com\/wp-content\/uploads\/2025\/06\/banner_02.webp 1080w, https:\/\/lasgolondrinashotel.com\/wp-content\/uploads\/2025\/06\/banner_02-170x300.webp 170w, https:\/\/lasgolondrinashotel.com\/wp-content\/uploads\/2025\/06\/banner_02-579x1024.webp 579w, https:\/\/lasgolondrinashotel.com\/wp-content\/uploads\/2025\/06\/banner_02-768x1359.webp 768w, https:\/\/lasgolondrinashotel.com\/wp-content\/uploads\/2025\/06\/banner_02-868x1536.webp 868w\" sizes=\"auto, (max-width: 1080px) 100vw, 1080px\" \/><button\n\t\t\tclass=\"lightbox-trigger\"\n\t\t\ttype=\"button\"\n\t\t\taria-haspopup=\"dialog\"\n\t\t\taria-label=\"Enlarge\"\n\t\t\tdata-wp-init=\"callbacks.initTriggerButton\"\n\t\t\tdata-wp-on--click=\"actions.showLightbox\"\n\t\t\tdata-wp-style--right=\"state.imageButtonRight\"\n\t\t\tdata-wp-style--top=\"state.imageButtonTop\"\n\t\t>\n\t\t\t<svg xmlns=\"http:\/\/www.w3.org\/2000\/svg\" width=\"12\" height=\"12\" fill=\"none\" viewbox=\"0 0 12 12\">\n\t\t\t\t<path fill=\"#fff\" d=\"M2 0a2 2 0 0 0-2 2v2h1.5V2a.5.5 0 0 1 .5-.5h2V0H2Zm2 10.5H2a.5.5 0 0 1-.5-.5V8H0v2a2 2 0 0 0 2 2h2v-1.5ZM8 12v-1.5h2a.5.5 0 0 0 .5-.5V8H12v2a2 2 0 0 1-2 2H8Zm2-12a2 2 0 0 1 2 2v2h-1.5V2a.5.5 0 0 0-.5-.5H8V0h2Z\" \/>\n\t\t\t<\/svg>\n\t\t<\/button><\/figure>\n<\/figure>\n\n\n\n<div style=\"height:20px\" aria-hidden=\"true\" class=\"wp-block-spacer\"><\/div>\n\n\n\n<p class=\"has-text-align-center\">El moderno edificio cuenta con gimnasio totalmente equipado, piscina semi-olimpica, \u00e1reas comunes de reui\u00f3n y una terraza \u00fanica con vista al mar que brinda un calido ambiente donde nos reuniremos para ver los videoanalisis, <strong>compartiremos experiencias<\/strong> y disfrutaremos de la <strong>exquisita gastronom\u00eda<\/strong> de nuestro resto. Adem\u00e1s contamos con una cocina equipada abierta las 24hs.<\/p>\n\n\n\n<div style=\"height:20px\" aria-hidden=\"true\" class=\"wp-block-spacer\"><\/div>\n\n\n\n<figure class=\"wp-block-image alignwide size-full\"><img loading=\"lazy\" decoding=\"async\" width=\"1080\" height=\"321\" src=\"https:\/\/lasgolondrinashotel.com\/wp-content\/uploads\/2025\/06\/03.webp\" alt=\"\" class=\"wp-image-348\" srcset=\"https:\/\/lasgolondrinashotel.com\/wp-content\/uploads\/2025\/06\/03.webp 1080w, https:\/\/lasgolondrinashotel.com\/wp-content\/uploads\/2025\/06\/03-300x89.webp 300w, https:\/\/lasgolondrinashotel.com\/wp-content\/uploads\/2025\/06\/03-1024x304.webp 1024w, https:\/\/lasgolondrinashotel.com\/wp-content\/uploads\/2025\/06\/03-768x228.webp 768w\" sizes=\"auto, (max-width: 1080px) 100vw, 1080px\" \/><\/figure>\n\n\n\n<p><\/p>\n\n\n\n<figure class=\"wp-block-gallery alignwide has-nested-images columns-default is-cropped wp-block-gallery-2 is-layout-flex wp-block-gallery-is-layout-flex\">\n<figure data-wp-context=\"{&quot;imageId&quot;:&quot;69f8d817b687e&quot;}\" data-wp-interactive=\"core\/image\" data-wp-key=\"69f8d817b687e\" class=\"wp-block-image size-full wp-lightbox-container\"><img loading=\"lazy\" decoding=\"async\" width=\"1080\" height=\"1911\" data-wp-class--hide=\"state.isContentHidden\" data-wp-class--show=\"state.isContentVisible\" data-wp-init=\"callbacks.setButtonStyles\" data-wp-on--click=\"actions.showLightbox\" data-wp-on--load=\"callbacks.setButtonStyles\" data-wp-on-window--resize=\"callbacks.setButtonStyles\" data-id=\"351\" src=\"https:\/\/lasgolondrinashotel.com\/wp-content\/uploads\/2025\/06\/04-1.webp\" alt=\"\" class=\"wp-image-351\" srcset=\"https:\/\/lasgolondrinashotel.com\/wp-content\/uploads\/2025\/06\/04-1.webp 1080w, https:\/\/lasgolondrinashotel.com\/wp-content\/uploads\/2025\/06\/04-1-170x300.webp 170w, https:\/\/lasgolondrinashotel.com\/wp-content\/uploads\/2025\/06\/04-1-579x1024.webp 579w, https:\/\/lasgolondrinashotel.com\/wp-content\/uploads\/2025\/06\/04-1-768x1359.webp 768w, https:\/\/lasgolondrinashotel.com\/wp-content\/uploads\/2025\/06\/04-1-868x1536.webp 868w\" sizes=\"auto, (max-width: 1080px) 100vw, 1080px\" \/><button\n\t\t\tclass=\"lightbox-trigger\"\n\t\t\ttype=\"button\"\n\t\t\taria-haspopup=\"dialog\"\n\t\t\taria-label=\"Enlarge\"\n\t\t\tdata-wp-init=\"callbacks.initTriggerButton\"\n\t\t\tdata-wp-on--click=\"actions.showLightbox\"\n\t\t\tdata-wp-style--right=\"state.imageButtonRight\"\n\t\t\tdata-wp-style--top=\"state.imageButtonTop\"\n\t\t>\n\t\t\t<svg xmlns=\"http:\/\/www.w3.org\/2000\/svg\" width=\"12\" height=\"12\" fill=\"none\" viewbox=\"0 0 12 12\">\n\t\t\t\t<path fill=\"#fff\" d=\"M2 0a2 2 0 0 0-2 2v2h1.5V2a.5.5 0 0 1 .5-.5h2V0H2Zm2 10.5H2a.5.5 0 0 1-.5-.5V8H0v2a2 2 0 0 0 2 2h2v-1.5ZM8 12v-1.5h2a.5.5 0 0 0 .5-.5V8H12v2a2 2 0 0 1-2 2H8Zm2-12a2 2 0 0 1 2 2v2h-1.5V2a.5.5 0 0 0-.5-.5H8V0h2Z\" \/>\n\t\t\t<\/svg>\n\t\t<\/button><\/figure>\n\n\n\n<figure data-wp-context=\"{&quot;imageId&quot;:&quot;69f8d817b6ffa&quot;}\" data-wp-interactive=\"core\/image\" data-wp-key=\"69f8d817b6ffa\" class=\"wp-block-image size-full wp-lightbox-container\"><img loading=\"lazy\" decoding=\"async\" width=\"1080\" height=\"1911\" data-wp-class--hide=\"state.isContentHidden\" data-wp-class--show=\"state.isContentVisible\" data-wp-init=\"callbacks.setButtonStyles\" data-wp-on--click=\"actions.showLightbox\" data-wp-on--load=\"callbacks.setButtonStyles\" data-wp-on-window--resize=\"callbacks.setButtonStyles\" data-id=\"379\" src=\"https:\/\/lasgolondrinashotel.com\/wp-content\/uploads\/2025\/06\/05-1.webp\" alt=\"\" class=\"wp-image-379\" srcset=\"https:\/\/lasgolondrinashotel.com\/wp-content\/uploads\/2025\/06\/05-1.webp 1080w, https:\/\/lasgolondrinashotel.com\/wp-content\/uploads\/2025\/06\/05-1-170x300.webp 170w, https:\/\/lasgolondrinashotel.com\/wp-content\/uploads\/2025\/06\/05-1-579x1024.webp 579w, https:\/\/lasgolondrinashotel.com\/wp-content\/uploads\/2025\/06\/05-1-768x1359.webp 768w, https:\/\/lasgolondrinashotel.com\/wp-content\/uploads\/2025\/06\/05-1-868x1536.webp 868w\" sizes=\"auto, (max-width: 1080px) 100vw, 1080px\" \/><button\n\t\t\tclass=\"lightbox-trigger\"\n\t\t\ttype=\"button\"\n\t\t\taria-haspopup=\"dialog\"\n\t\t\taria-label=\"Enlarge\"\n\t\t\tdata-wp-init=\"callbacks.initTriggerButton\"\n\t\t\tdata-wp-on--click=\"actions.showLightbox\"\n\t\t\tdata-wp-style--right=\"state.imageButtonRight\"\n\t\t\tdata-wp-style--top=\"state.imageButtonTop\"\n\t\t>\n\t\t\t<svg xmlns=\"http:\/\/www.w3.org\/2000\/svg\" width=\"12\" height=\"12\" fill=\"none\" viewbox=\"0 0 12 12\">\n\t\t\t\t<path fill=\"#fff\" d=\"M2 0a2 2 0 0 0-2 2v2h1.5V2a.5.5 0 0 1 .5-.5h2V0H2Zm2 10.5H2a.5.5 0 0 1-.5-.5V8H0v2a2 2 0 0 0 2 2h2v-1.5ZM8 12v-1.5h2a.5.5 0 0 0 .5-.5V8H12v2a2 2 0 0 1-2 2H8Zm2-12a2 2 0 0 1 2 2v2h-1.5V2a.5.5 0 0 0-.5-.5H8V0h2Z\" \/>\n\t\t\t<\/svg>\n\t\t<\/button><\/figure>\n<\/figure>\n\n\n\n<figure class=\"wp-block-gallery alignwide has-nested-images columns-default is-cropped wp-block-gallery-3 is-layout-flex wp-block-gallery-is-layout-flex\">\n<figure data-wp-context=\"{&quot;imageId&quot;:&quot;69f8d817b793f&quot;}\" data-wp-interactive=\"core\/image\" data-wp-key=\"69f8d817b793f\" class=\"wp-block-image size-full wp-lightbox-container\"><img loading=\"lazy\" decoding=\"async\" width=\"1080\" height=\"1911\" data-wp-class--hide=\"state.isContentHidden\" data-wp-class--show=\"state.isContentVisible\" data-wp-init=\"callbacks.setButtonStyles\" data-wp-on--click=\"actions.showLightbox\" data-wp-on--load=\"callbacks.setButtonStyles\" data-wp-on-window--resize=\"callbacks.setButtonStyles\" data-id=\"354\" src=\"https:\/\/lasgolondrinashotel.com\/wp-content\/uploads\/2025\/06\/06.webp\" alt=\"\" class=\"wp-image-354\" srcset=\"https:\/\/lasgolondrinashotel.com\/wp-content\/uploads\/2025\/06\/06.webp 1080w, https:\/\/lasgolondrinashotel.com\/wp-content\/uploads\/2025\/06\/06-170x300.webp 170w, https:\/\/lasgolondrinashotel.com\/wp-content\/uploads\/2025\/06\/06-579x1024.webp 579w, https:\/\/lasgolondrinashotel.com\/wp-content\/uploads\/2025\/06\/06-768x1359.webp 768w, https:\/\/lasgolondrinashotel.com\/wp-content\/uploads\/2025\/06\/06-868x1536.webp 868w\" sizes=\"auto, (max-width: 1080px) 100vw, 1080px\" \/><button\n\t\t\tclass=\"lightbox-trigger\"\n\t\t\ttype=\"button\"\n\t\t\taria-haspopup=\"dialog\"\n\t\t\taria-label=\"Enlarge\"\n\t\t\tdata-wp-init=\"callbacks.initTriggerButton\"\n\t\t\tdata-wp-on--click=\"actions.showLightbox\"\n\t\t\tdata-wp-style--right=\"state.imageButtonRight\"\n\t\t\tdata-wp-style--top=\"state.imageButtonTop\"\n\t\t>\n\t\t\t<svg xmlns=\"http:\/\/www.w3.org\/2000\/svg\" width=\"12\" height=\"12\" fill=\"none\" viewbox=\"0 0 12 12\">\n\t\t\t\t<path fill=\"#fff\" d=\"M2 0a2 2 0 0 0-2 2v2h1.5V2a.5.5 0 0 1 .5-.5h2V0H2Zm2 10.5H2a.5.5 0 0 1-.5-.5V8H0v2a2 2 0 0 0 2 2h2v-1.5ZM8 12v-1.5h2a.5.5 0 0 0 .5-.5V8H12v2a2 2 0 0 1-2 2H8Zm2-12a2 2 0 0 1 2 2v2h-1.5V2a.5.5 0 0 0-.5-.5H8V0h2Z\" \/>\n\t\t\t<\/svg>\n\t\t<\/button><\/figure>\n\n\n\n<figure data-wp-context=\"{&quot;imageId&quot;:&quot;69f8d817b8050&quot;}\" data-wp-interactive=\"core\/image\" data-wp-key=\"69f8d817b8050\" class=\"wp-block-image size-full wp-lightbox-container\"><img loading=\"lazy\" decoding=\"async\" width=\"1080\" height=\"1911\" data-wp-class--hide=\"state.isContentHidden\" data-wp-class--show=\"state.isContentVisible\" data-wp-init=\"callbacks.setButtonStyles\" data-wp-on--click=\"actions.showLightbox\" data-wp-on--load=\"callbacks.setButtonStyles\" data-wp-on-window--resize=\"callbacks.setButtonStyles\" data-id=\"380\" src=\"https:\/\/lasgolondrinashotel.com\/wp-content\/uploads\/2025\/06\/07-1.webp\" alt=\"\" class=\"wp-image-380\" srcset=\"https:\/\/lasgolondrinashotel.com\/wp-content\/uploads\/2025\/06\/07-1.webp 1080w, https:\/\/lasgolondrinashotel.com\/wp-content\/uploads\/2025\/06\/07-1-170x300.webp 170w, https:\/\/lasgolondrinashotel.com\/wp-content\/uploads\/2025\/06\/07-1-579x1024.webp 579w, https:\/\/lasgolondrinashotel.com\/wp-content\/uploads\/2025\/06\/07-1-768x1359.webp 768w, https:\/\/lasgolondrinashotel.com\/wp-content\/uploads\/2025\/06\/07-1-868x1536.webp 868w\" sizes=\"auto, (max-width: 1080px) 100vw, 1080px\" \/><button\n\t\t\tclass=\"lightbox-trigger\"\n\t\t\ttype=\"button\"\n\t\t\taria-haspopup=\"dialog\"\n\t\t\taria-label=\"Enlarge\"\n\t\t\tdata-wp-init=\"callbacks.initTriggerButton\"\n\t\t\tdata-wp-on--click=\"actions.showLightbox\"\n\t\t\tdata-wp-style--right=\"state.imageButtonRight\"\n\t\t\tdata-wp-style--top=\"state.imageButtonTop\"\n\t\t>\n\t\t\t<svg xmlns=\"http:\/\/www.w3.org\/2000\/svg\" width=\"12\" height=\"12\" fill=\"none\" viewbox=\"0 0 12 12\">\n\t\t\t\t<path fill=\"#fff\" d=\"M2 0a2 2 0 0 0-2 2v2h1.5V2a.5.5 0 0 1 .5-.5h2V0H2Zm2 10.5H2a.5.5 0 0 1-.5-.5V8H0v2a2 2 0 0 0 2 2h2v-1.5ZM8 12v-1.5h2a.5.5 0 0 0 .5-.5V8H12v2a2 2 0 0 1-2 2H8Zm2-12a2 2 0 0 1 2 2v2h-1.5V2a.5.5 0 0 0-.5-.5H8V0h2Z\" \/>\n\t\t\t<\/svg>\n\t\t<\/button><\/figure>\n<\/figure>\n\n\n\n<figure class=\"wp-block-gallery alignwide has-nested-images columns-default is-cropped wp-block-gallery-4 is-layout-flex wp-block-gallery-is-layout-flex\">\n<figure data-wp-context=\"{&quot;imageId&quot;:&quot;69f8d817b892d&quot;}\" data-wp-interactive=\"core\/image\" data-wp-key=\"69f8d817b892d\" class=\"wp-block-image size-full wp-lightbox-container\"><img loading=\"lazy\" decoding=\"async\" width=\"1080\" height=\"1911\" data-wp-class--hide=\"state.isContentHidden\" data-wp-class--show=\"state.isContentVisible\" data-wp-init=\"callbacks.setButtonStyles\" data-wp-on--click=\"actions.showLightbox\" data-wp-on--load=\"callbacks.setButtonStyles\" data-wp-on-window--resize=\"callbacks.setButtonStyles\" data-id=\"352\" src=\"https:\/\/lasgolondrinashotel.com\/wp-content\/uploads\/2025\/06\/08.webp\" alt=\"\" class=\"wp-image-352\" srcset=\"https:\/\/lasgolondrinashotel.com\/wp-content\/uploads\/2025\/06\/08.webp 1080w, https:\/\/lasgolondrinashotel.com\/wp-content\/uploads\/2025\/06\/08-170x300.webp 170w, https:\/\/lasgolondrinashotel.com\/wp-content\/uploads\/2025\/06\/08-579x1024.webp 579w, https:\/\/lasgolondrinashotel.com\/wp-content\/uploads\/2025\/06\/08-768x1359.webp 768w, https:\/\/lasgolondrinashotel.com\/wp-content\/uploads\/2025\/06\/08-868x1536.webp 868w\" sizes=\"auto, (max-width: 1080px) 100vw, 1080px\" \/><button\n\t\t\tclass=\"lightbox-trigger\"\n\t\t\ttype=\"button\"\n\t\t\taria-haspopup=\"dialog\"\n\t\t\taria-label=\"Enlarge\"\n\t\t\tdata-wp-init=\"callbacks.initTriggerButton\"\n\t\t\tdata-wp-on--click=\"actions.showLightbox\"\n\t\t\tdata-wp-style--right=\"state.imageButtonRight\"\n\t\t\tdata-wp-style--top=\"state.imageButtonTop\"\n\t\t>\n\t\t\t<svg xmlns=\"http:\/\/www.w3.org\/2000\/svg\" width=\"12\" height=\"12\" fill=\"none\" viewbox=\"0 0 12 12\">\n\t\t\t\t<path fill=\"#fff\" d=\"M2 0a2 2 0 0 0-2 2v2h1.5V2a.5.5 0 0 1 .5-.5h2V0H2Zm2 10.5H2a.5.5 0 0 1-.5-.5V8H0v2a2 2 0 0 0 2 2h2v-1.5ZM8 12v-1.5h2a.5.5 0 0 0 .5-.5V8H12v2a2 2 0 0 1-2 2H8Zm2-12a2 2 0 0 1 2 2v2h-1.5V2a.5.5 0 0 0-.5-.5H8V0h2Z\" \/>\n\t\t\t<\/svg>\n\t\t<\/button><\/figure>\n\n\n\n<figure data-wp-context=\"{&quot;imageId&quot;:&quot;69f8d817b902a&quot;}\" data-wp-interactive=\"core\/image\" data-wp-key=\"69f8d817b902a\" class=\"wp-block-image size-full wp-lightbox-container\"><img loading=\"lazy\" decoding=\"async\" width=\"1080\" height=\"1911\" data-wp-class--hide=\"state.isContentHidden\" data-wp-class--show=\"state.isContentVisible\" data-wp-init=\"callbacks.setButtonStyles\" data-wp-on--click=\"actions.showLightbox\" data-wp-on--load=\"callbacks.setButtonStyles\" data-wp-on-window--resize=\"callbacks.setButtonStyles\" data-id=\"355\" src=\"https:\/\/lasgolondrinashotel.com\/wp-content\/uploads\/2025\/06\/09.webp\" alt=\"\" class=\"wp-image-355\" srcset=\"https:\/\/lasgolondrinashotel.com\/wp-content\/uploads\/2025\/06\/09.webp 1080w, https:\/\/lasgolondrinashotel.com\/wp-content\/uploads\/2025\/06\/09-170x300.webp 170w, https:\/\/lasgolondrinashotel.com\/wp-content\/uploads\/2025\/06\/09-579x1024.webp 579w, https:\/\/lasgolondrinashotel.com\/wp-content\/uploads\/2025\/06\/09-768x1359.webp 768w, https:\/\/lasgolondrinashotel.com\/wp-content\/uploads\/2025\/06\/09-868x1536.webp 868w\" sizes=\"auto, (max-width: 1080px) 100vw, 1080px\" \/><button\n\t\t\tclass=\"lightbox-trigger\"\n\t\t\ttype=\"button\"\n\t\t\taria-haspopup=\"dialog\"\n\t\t\taria-label=\"Enlarge\"\n\t\t\tdata-wp-init=\"callbacks.initTriggerButton\"\n\t\t\tdata-wp-on--click=\"actions.showLightbox\"\n\t\t\tdata-wp-style--right=\"state.imageButtonRight\"\n\t\t\tdata-wp-style--top=\"state.imageButtonTop\"\n\t\t>\n\t\t\t<svg xmlns=\"http:\/\/www.w3.org\/2000\/svg\" width=\"12\" height=\"12\" fill=\"none\" viewbox=\"0 0 12 12\">\n\t\t\t\t<path fill=\"#fff\" d=\"M2 0a2 2 0 0 0-2 2v2h1.5V2a.5.5 0 0 1 .5-.5h2V0H2Zm2 10.5H2a.5.5 0 0 1-.5-.5V8H0v2a2 2 0 0 0 2 2h2v-1.5ZM8 12v-1.5h2a.5.5 0 0 0 .5-.5V8H12v2a2 2 0 0 1-2 2H8Zm2-12a2 2 0 0 1 2 2v2h-1.5V2a.5.5 0 0 0-.5-.5H8V0h2Z\" \/>\n\t\t\t<\/svg>\n\t\t<\/button><\/figure>\n<\/figure>\n\n\n\n<figure class=\"wp-block-gallery alignwide has-nested-images columns-default is-cropped wp-block-gallery-5 is-layout-flex wp-block-gallery-is-layout-flex\">\n<figure data-wp-context=\"{&quot;imageId&quot;:&quot;69f8d817b98f6&quot;}\" data-wp-interactive=\"core\/image\" data-wp-key=\"69f8d817b98f6\" class=\"wp-block-image size-full wp-lightbox-container\"><img loading=\"lazy\" decoding=\"async\" width=\"1080\" height=\"1911\" data-wp-class--hide=\"state.isContentHidden\" data-wp-class--show=\"state.isContentVisible\" data-wp-init=\"callbacks.setButtonStyles\" data-wp-on--click=\"actions.showLightbox\" data-wp-on--load=\"callbacks.setButtonStyles\" data-wp-on-window--resize=\"callbacks.setButtonStyles\" data-id=\"357\" src=\"https:\/\/lasgolondrinashotel.com\/wp-content\/uploads\/2025\/06\/10.webp\" alt=\"\" class=\"wp-image-357\" srcset=\"https:\/\/lasgolondrinashotel.com\/wp-content\/uploads\/2025\/06\/10.webp 1080w, https:\/\/lasgolondrinashotel.com\/wp-content\/uploads\/2025\/06\/10-170x300.webp 170w, https:\/\/lasgolondrinashotel.com\/wp-content\/uploads\/2025\/06\/10-579x1024.webp 579w, https:\/\/lasgolondrinashotel.com\/wp-content\/uploads\/2025\/06\/10-768x1359.webp 768w, https:\/\/lasgolondrinashotel.com\/wp-content\/uploads\/2025\/06\/10-868x1536.webp 868w\" sizes=\"auto, (max-width: 1080px) 100vw, 1080px\" \/><button\n\t\t\tclass=\"lightbox-trigger\"\n\t\t\ttype=\"button\"\n\t\t\taria-haspopup=\"dialog\"\n\t\t\taria-label=\"Enlarge\"\n\t\t\tdata-wp-init=\"callbacks.initTriggerButton\"\n\t\t\tdata-wp-on--click=\"actions.showLightbox\"\n\t\t\tdata-wp-style--right=\"state.imageButtonRight\"\n\t\t\tdata-wp-style--top=\"state.imageButtonTop\"\n\t\t>\n\t\t\t<svg xmlns=\"http:\/\/www.w3.org\/2000\/svg\" width=\"12\" height=\"12\" fill=\"none\" viewbox=\"0 0 12 12\">\n\t\t\t\t<path fill=\"#fff\" d=\"M2 0a2 2 0 0 0-2 2v2h1.5V2a.5.5 0 0 1 .5-.5h2V0H2Zm2 10.5H2a.5.5 0 0 1-.5-.5V8H0v2a2 2 0 0 0 2 2h2v-1.5ZM8 12v-1.5h2a.5.5 0 0 0 .5-.5V8H12v2a2 2 0 0 1-2 2H8Zm2-12a2 2 0 0 1 2 2v2h-1.5V2a.5.5 0 0 0-.5-.5H8V0h2Z\" \/>\n\t\t\t<\/svg>\n\t\t<\/button><\/figure>\n\n\n\n<figure data-wp-context=\"{&quot;imageId&quot;:&quot;69f8d817b9ff6&quot;}\" data-wp-interactive=\"core\/image\" data-wp-key=\"69f8d817b9ff6\" class=\"wp-block-image size-full wp-lightbox-container\"><img loading=\"lazy\" decoding=\"async\" width=\"1080\" height=\"1911\" data-wp-class--hide=\"state.isContentHidden\" data-wp-class--show=\"state.isContentVisible\" data-wp-init=\"callbacks.setButtonStyles\" data-wp-on--click=\"actions.showLightbox\" data-wp-on--load=\"callbacks.setButtonStyles\" data-wp-on-window--resize=\"callbacks.setButtonStyles\" data-id=\"358\" src=\"https:\/\/lasgolondrinashotel.com\/wp-content\/uploads\/2025\/06\/11.webp\" alt=\"\" class=\"wp-image-358\" srcset=\"https:\/\/lasgolondrinashotel.com\/wp-content\/uploads\/2025\/06\/11.webp 1080w, https:\/\/lasgolondrinashotel.com\/wp-content\/uploads\/2025\/06\/11-170x300.webp 170w, https:\/\/lasgolondrinashotel.com\/wp-content\/uploads\/2025\/06\/11-579x1024.webp 579w, https:\/\/lasgolondrinashotel.com\/wp-content\/uploads\/2025\/06\/11-768x1359.webp 768w, https:\/\/lasgolondrinashotel.com\/wp-content\/uploads\/2025\/06\/11-868x1536.webp 868w\" sizes=\"auto, (max-width: 1080px) 100vw, 1080px\" \/><button\n\t\t\tclass=\"lightbox-trigger\"\n\t\t\ttype=\"button\"\n\t\t\taria-haspopup=\"dialog\"\n\t\t\taria-label=\"Enlarge\"\n\t\t\tdata-wp-init=\"callbacks.initTriggerButton\"\n\t\t\tdata-wp-on--click=\"actions.showLightbox\"\n\t\t\tdata-wp-style--right=\"state.imageButtonRight\"\n\t\t\tdata-wp-style--top=\"state.imageButtonTop\"\n\t\t>\n\t\t\t<svg xmlns=\"http:\/\/www.w3.org\/2000\/svg\" width=\"12\" height=\"12\" fill=\"none\" viewbox=\"0 0 12 12\">\n\t\t\t\t<path fill=\"#fff\" d=\"M2 0a2 2 0 0 0-2 2v2h1.5V2a.5.5 0 0 1 .5-.5h2V0H2Zm2 10.5H2a.5.5 0 0 1-.5-.5V8H0v2a2 2 0 0 0 2 2h2v-1.5ZM8 12v-1.5h2a.5.5 0 0 0 .5-.5V8H12v2a2 2 0 0 1-2 2H8Zm2-12a2 2 0 0 1 2 2v2h-1.5V2a.5.5 0 0 0-.5-.5H8V0h2Z\" \/>\n\t\t\t<\/svg>\n\t\t<\/button><\/figure>\n<\/figure>\n\n\n\n<div style=\"height:20px\" aria-hidden=\"true\" class=\"wp-block-spacer\"><\/div>\n\n\n\n<p class=\"has-text-align-center\"><strong>CONTACTANOS<\/strong><\/p>\n\n\n\n<p class=\"has-text-align-center\">WhatsApp<br> <strong><a href=\"https:\/\/wa.link\/scc2b2\">+1 (829) 331-8285<\/a><\/strong><br><br>Instagram<br> <a href=\"https:\/\/www.instagram.com\/lasgolondrinashotel\/\">@lasgolondrinashotel<\/a>   |   <a href=\"https:\/\/www.instagram.com\/manuelselman\/\">@manuelselman<\/a><br><\/p>\n\n\n\n<p class=\"has-text-align-center\"><em>Encuentro Beach, Cabarete, Rep\u00fablica Dominicana.<\/em><\/p>\n\n\n\n<div style=\"height:20px\" aria-hidden=\"true\" class=\"wp-block-spacer\"><\/div>\n\n\n\n<figure class=\"wp-block-image alignwide size-full\"><img loading=\"lazy\" decoding=\"async\" width=\"1080\" height=\"607\" src=\"https:\/\/lasgolondrinashotel.com\/wp-content\/uploads\/2025\/06\/12.webp\" alt=\"\" class=\"wp-image-359\" srcset=\"https:\/\/lasgolondrinashotel.com\/wp-content\/uploads\/2025\/06\/12.webp 1080w, https:\/\/lasgolondrinashotel.com\/wp-content\/uploads\/2025\/06\/12-300x169.webp 300w, https:\/\/lasgolondrinashotel.com\/wp-content\/uploads\/2025\/06\/12-1024x576.webp 1024w, https:\/\/lasgolondrinashotel.com\/wp-content\/uploads\/2025\/06\/12-768x432.webp 768w\" sizes=\"auto, (max-width: 1080px) 100vw, 1080px\" \/><\/figure>","protected":false},"excerpt":{"rendered":"<p>El moderno edificio cuenta con gimnasio totalmente equipado, piscina semi-olimpica, \u00e1reas comunes de reui\u00f3n y una terraza \u00fanica con vista al mar que brinda un calido ambiente donde nos reuniremos para ver los videoanalisis, compartiremos experiencias y disfrutaremos de la exquisita gastronom\u00eda de nuestro resto. Adem\u00e1s contamos con una cocina equipada abierta las 24hs. CONTACTANOS [&hellip;]<\/p>\n","protected":false},"author":1,"featured_media":0,"parent":0,"menu_order":0,"comment_status":"closed","ping_status":"closed","template":"","meta":{"_gspb_post_css":"","footnotes":""},"class_list":["post-342","page","type-page","status-publish","hentry"],"_links":{"self":[{"href":"https:\/\/lasgolondrinashotel.com\/en\/wp-json\/wp\/v2\/pages\/342","targetHints":{"allow":["GET"]}}],"collection":[{"href":"https:\/\/lasgolondrinashotel.com\/en\/wp-json\/wp\/v2\/pages"}],"about":[{"href":"https:\/\/lasgolondrinashotel.com\/en\/wp-json\/wp\/v2\/types\/page"}],"author":[{"embeddable":true,"href":"https:\/\/lasgolondrinashotel.com\/en\/wp-json\/wp\/v2\/users\/1"}],"replies":[{"embeddable":true,"href":"https:\/\/lasgolondrinashotel.com\/en\/wp-json\/wp\/v2\/comments?post=342"}],"version-history":[{"count":17,"href":"https:\/\/lasgolondrinashotel.com\/en\/wp-json\/wp\/v2\/pages\/342\/revisions"}],"predecessor-version":[{"id":381,"href":"https:\/\/lasgolondrinashotel.com\/en\/wp-json\/wp\/v2\/pages\/342\/revisions\/381"}],"wp:attachment":[{"href":"https:\/\/lasgolondrinashotel.com\/en\/wp-json\/wp\/v2\/media?parent=342"}],"curies":[{"name":"wp","href":"https:\/\/api.w.org\/{rel}","templated":true}]}}